{"id":306,"date":"2026-04-07T18:30:14","date_gmt":"2026-04-08T00:30:14","guid":{"rendered":"https:\/\/phonedepot.directorio-comercial.com\/?post_type=product&#038;p=306"},"modified":"2026-04-07T18:30:14","modified_gmt":"2026-04-08T00:30:14","slug":"iphone-16-pro-pro-max","status":"publish","type":"product","link":"https:\/\/phonedepot.directorio-comercial.com\/?product=iphone-16-pro-pro-max","title":{"rendered":"iPhone 16 Pro\/Pro Max"},"content":{"rendered":"<ul>\n<li>256 gb<\/li>\n<li>512 gb<\/li>\n<li>1 TB<\/li>\n<\/ul>\n<p>Pantalla m\u00e1s grande, mejoras en IA y fotograf\u00eda computacional. M\u00e1s enfocado en rendimiento inteligente.<\/p>\n","protected":false},"excerpt":{"rendered":"<p>256 gb 512 gb 1 TB Pantalla m\u00e1s grande, mejoras en IA y fotograf\u00eda computacional. M\u00e1s enfocado en rendimiento inteligente.<\/p>\n","protected":false},"featured_media":307,"comment_status":"open","ping_status":"closed","template":"","meta":{"_acf_changed":false},"product_brand":[],"product_cat":[15],"product_tag":[],"class_list":{"0":"post-306","1":"product","2":"type-product","3":"status-publish","4":"has-post-thumbnail","6":"product_cat-sin-categorizar","8":"first","9":"instock","10":"shipping-taxable","11":"product-type-simple"},"acf":[],"_links":{"self":[{"href":"https:\/\/phonedepot.directorio-comercial.com\/index.php?rest_route=\/wp\/v2\/product\/306","targetHints":{"allow":["GET"]}}],"collection":[{"href":"https:\/\/phonedepot.directorio-comercial.com\/index.php?rest_route=\/wp\/v2\/product"}],"about":[{"href":"https:\/\/phonedepot.directorio-comercial.com\/index.php?rest_route=\/wp\/v2\/types\/product"}],"replies":[{"embeddable":true,"href":"https:\/\/phonedepot.directorio-comercial.com\/index.php?rest_route=%2Fwp%2Fv2%2Fcomments&post=306"}],"wp:featuredmedia":[{"embeddable":true,"href":"https:\/\/phonedepot.directorio-comercial.com\/index.php?rest_route=\/wp\/v2\/media\/307"}],"wp:attachment":[{"href":"https:\/\/phonedepot.directorio-comercial.com\/index.php?rest_route=%2Fwp%2Fv2%2Fmedia&parent=306"}],"wp:term":[{"taxonomy":"product_brand","embeddable":true,"href":"https:\/\/phonedepot.directorio-comercial.com\/index.php?rest_route=%2Fwp%2Fv2%2Fproduct_brand&post=306"},{"taxonomy":"product_cat","embeddable":true,"href":"https:\/\/phonedepot.directorio-comercial.com\/index.php?rest_route=%2Fwp%2Fv2%2Fproduct_cat&post=306"},{"taxonomy":"product_tag","embeddable":true,"href":"https:\/\/phonedepot.directorio-comercial.com\/index.php?rest_route=%2Fwp%2Fv2%2Fproduct_tag&post=306"}],"curies":[{"name":"wp","href":"https:\/\/api.w.org\/{rel}","templated":true}]}}