{"id":302,"date":"2026-04-07T18:22:34","date_gmt":"2026-04-08T00:22:34","guid":{"rendered":"https:\/\/phonedepot.directorio-comercial.com\/?post_type=product&#038;p=302"},"modified":"2026-04-07T18:22:34","modified_gmt":"2026-04-08T00:22:34","slug":"iphone-15-pro-pro-max","status":"publish","type":"product","link":"https:\/\/phonedepot.directorio-comercial.com\/?product=iphone-15-pro-pro-max","title":{"rendered":"iPhone 15 Pro\/Pro Max"},"content":{"rendered":"<ul>\n<li>128 gb<\/li>\n<li>256 gb<\/li>\n<li>512 gb<\/li>\n<li>1 TB<\/li>\n<\/ul>\n<p>Cambio a titanio (m\u00e1s ligero), USB-C y zoom perisc\u00f3pico. M\u00e1s premium y potente.<\/p>\n","protected":false},"excerpt":{"rendered":"<p>128 gb 256 gb 512 gb 1 TB Cambio a titanio (m\u00e1s ligero), USB-C y zoom perisc\u00f3pico. M\u00e1s premium y potente.<\/p>\n","protected":false},"featured_media":303,"comment_status":"open","ping_status":"closed","template":"","meta":{"_acf_changed":false},"product_brand":[],"product_cat":[15],"product_tag":[],"class_list":{"0":"post-302","1":"product","2":"type-product","3":"status-publish","4":"has-post-thumbnail","6":"product_cat-sin-categorizar","8":"first","9":"instock","10":"shipping-taxable","11":"product-type-simple"},"acf":[],"_links":{"self":[{"href":"https:\/\/phonedepot.directorio-comercial.com\/index.php?rest_route=\/wp\/v2\/product\/302","targetHints":{"allow":["GET"]}}],"collection":[{"href":"https:\/\/phonedepot.directorio-comercial.com\/index.php?rest_route=\/wp\/v2\/product"}],"about":[{"href":"https:\/\/phonedepot.directorio-comercial.com\/index.php?rest_route=\/wp\/v2\/types\/product"}],"replies":[{"embeddable":true,"href":"https:\/\/phonedepot.directorio-comercial.com\/index.php?rest_route=%2Fwp%2Fv2%2Fcomments&post=302"}],"wp:featuredmedia":[{"embeddable":true,"href":"https:\/\/phonedepot.directorio-comercial.com\/index.php?rest_route=\/wp\/v2\/media\/303"}],"wp:attachment":[{"href":"https:\/\/phonedepot.directorio-comercial.com\/index.php?rest_route=%2Fwp%2Fv2%2Fmedia&parent=302"}],"wp:term":[{"taxonomy":"product_brand","embeddable":true,"href":"https:\/\/phonedepot.directorio-comercial.com\/index.php?rest_route=%2Fwp%2Fv2%2Fproduct_brand&post=302"},{"taxonomy":"product_cat","embeddable":true,"href":"https:\/\/phonedepot.directorio-comercial.com\/index.php?rest_route=%2Fwp%2Fv2%2Fproduct_cat&post=302"},{"taxonomy":"product_tag","embeddable":true,"href":"https:\/\/phonedepot.directorio-comercial.com\/index.php?rest_route=%2Fwp%2Fv2%2Fproduct_tag&post=302"}],"curies":[{"name":"wp","href":"https:\/\/api.w.org\/{rel}","templated":true}]}}