{"id":285,"date":"2026-04-07T17:21:00","date_gmt":"2026-04-07T23:21:00","guid":{"rendered":"https:\/\/phonedepot.directorio-comercial.com\/?post_type=product&#038;p=285"},"modified":"2026-04-07T17:32:54","modified_gmt":"2026-04-07T23:32:54","slug":"iphone-11-pro-max","status":"publish","type":"product","link":"https:\/\/phonedepot.directorio-comercial.com\/?product=iphone-11-pro-max","title":{"rendered":"iPhone 11 Pro Max"},"content":{"rendered":"<ul>\n<li>64 gb<\/li>\n<li>256 gb<\/li>\n<li>512 gb<\/li>\n<\/ul>\n<p>El inicio del enfoque &#8220;Pro&#8221;: triple c\u00e1mara potente, excelente bater\u00eda y rendimiento solido. Dise\u00f1o cl\u00e1sico con notch.<\/p>\n","protected":false},"excerpt":{"rendered":"<p>64 gb 256 gb 512 gb El inicio del enfoque &#8220;Pro&#8221;: triple c\u00e1mara potente, excelente bater\u00eda y rendimiento solido. Dise\u00f1o cl\u00e1sico con notch.<\/p>\n","protected":false},"featured_media":286,"comment_status":"open","ping_status":"closed","template":"","meta":{"_acf_changed":false},"product_brand":[],"product_cat":[15],"product_tag":[],"class_list":{"0":"post-285","1":"product","2":"type-product","3":"status-publish","4":"has-post-thumbnail","6":"product_cat-sin-categorizar","8":"first","9":"instock","10":"shipping-taxable","11":"product-type-simple"},"acf":[],"_links":{"self":[{"href":"https:\/\/phonedepot.directorio-comercial.com\/index.php?rest_route=\/wp\/v2\/product\/285","targetHints":{"allow":["GET"]}}],"collection":[{"href":"https:\/\/phonedepot.directorio-comercial.com\/index.php?rest_route=\/wp\/v2\/product"}],"about":[{"href":"https:\/\/phonedepot.directorio-comercial.com\/index.php?rest_route=\/wp\/v2\/types\/product"}],"replies":[{"embeddable":true,"href":"https:\/\/phonedepot.directorio-comercial.com\/index.php?rest_route=%2Fwp%2Fv2%2Fcomments&post=285"}],"wp:featuredmedia":[{"embeddable":true,"href":"https:\/\/phonedepot.directorio-comercial.com\/index.php?rest_route=\/wp\/v2\/media\/286"}],"wp:attachment":[{"href":"https:\/\/phonedepot.directorio-comercial.com\/index.php?rest_route=%2Fwp%2Fv2%2Fmedia&parent=285"}],"wp:term":[{"taxonomy":"product_brand","embeddable":true,"href":"https:\/\/phonedepot.directorio-comercial.com\/index.php?rest_route=%2Fwp%2Fv2%2Fproduct_brand&post=285"},{"taxonomy":"product_cat","embeddable":true,"href":"https:\/\/phonedepot.directorio-comercial.com\/index.php?rest_route=%2Fwp%2Fv2%2Fproduct_cat&post=285"},{"taxonomy":"product_tag","embeddable":true,"href":"https:\/\/phonedepot.directorio-comercial.com\/index.php?rest_route=%2Fwp%2Fv2%2Fproduct_tag&post=285"}],"curies":[{"name":"wp","href":"https:\/\/api.w.org\/{rel}","templated":true}]}}