{"id":105,"date":"2026-01-05T18:27:45","date_gmt":"2026-01-06T00:27:45","guid":{"rendered":"https:\/\/paginaejemplo.directorio-comercial.com\/?page_id=8"},"modified":"2026-04-07T17:15:07","modified_gmt":"2026-04-07T23:15:07","slug":"inicio","status":"publish","type":"page","link":"https:\/\/phonedepot.directorio-comercial.com\/","title":{"rendered":"Inicio"},"content":{"rendered":"\n<div class=\"wp-block-group alignfull is-content-justification-center is-nowrap is-layout-flex wp-container-core-group-is-layout-9817af40 wp-block-group-is-layout-flex\" style=\"padding-right:0;padding-left:0\">\n<img loading=\"lazy\" decoding=\"async\" width=\"512\" height=\"258\" class=\"gb-media-4697cbc1\" alt=\"\" title=\"LOGO PAGINA phone depot\" src=\"https:\/\/phonedepot.directorio-comercial.com\/wp-content\/uploads\/2026\/04\/LOGO-PAGINA-phone-depot.jpg\" srcset=\"https:\/\/phonedepot.directorio-comercial.com\/wp-content\/uploads\/2026\/04\/LOGO-PAGINA-phone-depot.jpg 512w, https:\/\/phonedepot.directorio-comercial.com\/wp-content\/uploads\/2026\/04\/LOGO-PAGINA-phone-depot-300x151.jpg 300w\" sizes=\"auto, (max-width: 512px) 100vw, 512px\" \/>\n<\/div>\n\n\n\n<div class=\"wp-block-group has-global-padding is-layout-constrained wp-block-group-is-layout-constrained\">\n<h2 class=\"gb-text gb-text-9e8a02a2\">Con\u00f3cenos<\/h2>\n\n\n\n<p class=\"gb-text gb-text-e36374c7\">En <strong>Phone Depot<\/strong> somos una empresa dedicada a la importaci\u00f3n y comercializaci\u00f3n de accesorios para celulares y productos de electr\u00f3nica, ofreciendo soluciones tanto al mayoreo como al menudeo.<br>Nos enfocamos en brindar productos de alta calidad que ayuden a emprendedores y revendedores a hacer crecer sus negocios, convirti\u00e9ndonos en un aliado estrat\u00e9gico en el mundo de la tecnolog\u00eda. Nuestro compromiso es ofrecer un servicio al cliente cercano, confiable y eficiente, asegurando que cada cliente encuentre lo que necesita para impulsar sus ventas.<\/p>\n<\/div>\n\n\n\n<figure class=\"wp-block-image aligncenter size-large\"><img loading=\"lazy\" decoding=\"async\" width=\"1024\" height=\"683\" src=\"https:\/\/phonedepot.directorio-comercial.com\/wp-content\/uploads\/2026\/01\/ChatGPT-Image-16-ene-2026-07_05_32-p.m-1024x683.png\" alt=\"\" class=\"wp-image-39\" srcset=\"https:\/\/phonedepot.directorio-comercial.com\/wp-content\/uploads\/2026\/01\/ChatGPT-Image-16-ene-2026-07_05_32-p.m-1024x683.png 1024w, https:\/\/phonedepot.directorio-comercial.com\/wp-content\/uploads\/2026\/01\/ChatGPT-Image-16-ene-2026-07_05_32-p.m-300x200.png 300w, https:\/\/phonedepot.directorio-comercial.com\/wp-content\/uploads\/2026\/01\/ChatGPT-Image-16-ene-2026-07_05_32-p.m-768x512.png 768w, https:\/\/phonedepot.directorio-comercial.com\/wp-content\/uploads\/2026\/01\/ChatGPT-Image-16-ene-2026-07_05_32-p.m-600x400.png 600w, https:\/\/phonedepot.directorio-comercial.com\/wp-content\/uploads\/2026\/01\/ChatGPT-Image-16-ene-2026-07_05_32-p.m.png 1536w\" sizes=\"auto, (max-width: 1024px) 100vw, 1024px\" \/><\/figure>\n\n\n\n<figure class=\"wp-block-video\"><\/figure>\n\n\n\n<!--nextpage-->\n\n\n\n<div class=\"wp-block-group has-global-padding is-layout-constrained wp-block-group-is-layout-constrained\" style=\"padding-top:var(--wp--preset--spacing--20)\">\n<div class=\"wp-block-group has-global-padding is-layout-constrained wp-block-group-is-layout-constrained\">\n<h2 class=\"gb-text gb-text-72768a99\">Misi\u00f3n<\/h2>\n\n\n\n<p class=\"gb-text gb-text-15f87916\">Brindar productos de telefon\u00eda m\u00f3vil, accesorios y electr\u00f3nica de alta calidad con el mejor servicio, impulsando el crecimiento de emprendedores y clientes a trav\u00e9s de precios competitivos y un cat\u00e1logo variado.<\/p>\n<\/div>\n\n\n\n<hr class=\"wp-block-separator has-alpha-channel-opacity\"\/>\n\n\n\n<div class=\"wp-block-group has-global-padding is-layout-constrained wp-block-group-is-layout-constrained\">\n<h2 class=\"gb-text gb-text-2603958f\">Visi\u00f3n<\/h2>\n\n\n\n<p class=\"gb-text gb-text-bbf5f7a5\">Ser reconocidos como la tienda l\u00edder y confiable en telefon\u00eda m\u00f3vil y accesorios, apoyando el crecimiento de emprendedores con la mejor variedad de productos.<\/p>\n<\/div>\n\n\n\n<hr class=\"wp-block-separator has-alpha-channel-opacity\"\/>\n\n\n\n<div class=\"wp-block-group has-global-padding is-layout-constrained wp-block-group-is-layout-constrained\">\n<h2 class=\"gb-text gb-text-66b3e1d5\">Objetivo<\/h2>\n\n\n\n<p class=\"gb-text gb-text-e7adeb85\">Ofrecer soluciones integrales de tecnolog\u00eda, facilitando mercanc\u00eda (nueva y seminueva de alta gama) para revendedores y clientes finales, garantizando la permanencia en el mercado a trav\u00e9s de un servicio excepcional<\/p>\n<\/div>\n\n\n\n<hr class=\"wp-block-separator has-alpha-channel-opacity\"\/>\n<\/div>\n\n\n\n<div class=\"wp-block-group has-global-padding is-layout-constrained wp-block-group-is-layout-constrained\">\n<figure class=\"wp-block-image size-large\"><img loading=\"lazy\" decoding=\"async\" width=\"1024\" height=\"683\" src=\"https:\/\/phonedepot.directorio-comercial.com\/wp-content\/uploads\/2026\/01\/ChatGPT-Image-16-ene-2026-07_07_47-p.m-1024x683.png\" alt=\"\" class=\"wp-image-40\" srcset=\"https:\/\/phonedepot.directorio-comercial.com\/wp-content\/uploads\/2026\/01\/ChatGPT-Image-16-ene-2026-07_07_47-p.m-1024x683.png 1024w, https:\/\/phonedepot.directorio-comercial.com\/wp-content\/uploads\/2026\/01\/ChatGPT-Image-16-ene-2026-07_07_47-p.m-300x200.png 300w, https:\/\/phonedepot.directorio-comercial.com\/wp-content\/uploads\/2026\/01\/ChatGPT-Image-16-ene-2026-07_07_47-p.m-768x512.png 768w, https:\/\/phonedepot.directorio-comercial.com\/wp-content\/uploads\/2026\/01\/ChatGPT-Image-16-ene-2026-07_07_47-p.m-600x400.png 600w, https:\/\/phonedepot.directorio-comercial.com\/wp-content\/uploads\/2026\/01\/ChatGPT-Image-16-ene-2026-07_07_47-p.m.png 1536w\" sizes=\"auto, (max-width: 1024px) 100vw, 1024px\" \/><\/figure>\n\n\n<\/div>\n\n\n\n<div class=\"wp-block-group has-global-padding is-layout-constrained wp-block-group-is-layout-constrained\">\n<h2 class=\"gb-text gb-text-445900bc\">Valores<\/h2>\n\n\n\n<ul class=\"wp-block-list\">\n<li><strong>Calidad<\/strong>: Ofrecemos productos confiables y de alto rendimiento.<br><\/li>\n\n\n\n<li><strong>Compromiso<\/strong>: Apoyamos el crecimiento de nuestros clientes y sus negocios.<br><\/li>\n\n\n\n<li><strong>Confianza<\/strong>: Construimos relaciones duraderas con base en un servicio responsable.<br><\/li>\n\n\n\n<li><strong>Servicio<\/strong>: Brindamos atenci\u00f3n personalizada y eficiente.<br><\/li>\n\n\n\n<li><strong>Innovaci\u00f3n<\/strong>: Nos mantenemos actualizados con las tendencias tecnol\u00f3gicas.<br><\/li>\n<\/ul>\n\n\n\n<p><strong>Responsabilidad<\/strong>: Cumplimos con cada venta y necesidad del cliente.<\/p>\n<\/div>\n\n\n\n<!--nextpage-->\n\n\n\n<div class=\"wp-block-group has-global-padding is-layout-constrained wp-block-group-is-layout-constrained\" style=\"padding-top:var(--wp--preset--spacing--20)\">\n<h2 class=\"gb-text gb-text-5dff42df\">Ven y Con\u00f3cenos<\/h2>\n\n\n\n<div class=\"wp-block-group is-content-justification-center is-nowrap is-layout-flex wp-container-core-group-is-layout-23441af8 wp-block-group-is-layout-flex\">\n<iframe src=\"https:\/\/www.google.com\/maps\/embed?pb=!1m18!1m12!1m3!1d14806.644327144932!2d-102.33417463640828!3d21.909123079582955!2m3!1f0!2f0!3f0!3m2!1i1024!2i768!4f13.1!3m3!1m2!1s0x8429eee47026aaab%3A0xffd8448a3f84b869!2sAv.%20Guadalupe%20Gonzalez%20201-Local%201%20y%202%2C%20Uni%C3%B3n%20Ganadera%2C%2020130%20Aguascalientes%2C%20Ags.!5e0!3m2!1ses-419!2smx!4v1775602907434!5m2!1ses-419!2smx\" width=\"370\" height=\"370\" style=\"border:0;\" allowfullscreen=\"\" loading=\"lazy\" referrerpolicy=\"no-referrer-when-downgrade\"><\/iframe>\n<\/div>\n\n\n\n<p class=\"gb-text gb-text-eb183943\">Av. Guadalupe Gonzalez #201 local 1 y 2, Col. Uni\u00f3n Ganadera, Aguascalientes, Mexico<\/p>\n<\/div>\n","protected":false},"excerpt":{"rendered":"<p>Con\u00f3cenos En Phone Depot somos una empresa dedicada a la importaci\u00f3n y comercializaci\u00f3n de accesorios para celulares y productos de electr\u00f3nica, ofreciendo soluciones tanto al mayoreo como al menudeo.Nos enfocamos en brindar productos de alta calidad que ayuden a emprendedores y revendedores a hacer crecer sus negocios, convirti\u00e9ndonos en un aliado estrat\u00e9gico en el mundo [&hellip;]<\/p>\n","protected":false},"author":1,"featured_media":0,"parent":0,"menu_order":0,"comment_status":"closed","ping_status":"closed","template":"page-no-title","meta":{"_acf_changed":false,"footnotes":""},"class_list":["post-105","page","type-page","status-publish","hentry"],"acf":[],"_links":{"self":[{"href":"https:\/\/phonedepot.directorio-comercial.com\/index.php?rest_route=\/wp\/v2\/pages\/105","targetHints":{"allow":["GET"]}}],"collection":[{"href":"https:\/\/phonedepot.directorio-comercial.com\/index.php?rest_route=\/wp\/v2\/pages"}],"about":[{"href":"https:\/\/phonedepot.directorio-comercial.com\/index.php?rest_route=\/wp\/v2\/types\/page"}],"author":[{"embeddable":true,"href":"https:\/\/phonedepot.directorio-comercial.com\/index.php?rest_route=\/wp\/v2\/users\/1"}],"replies":[{"embeddable":true,"href":"https:\/\/phonedepot.directorio-comercial.com\/index.php?rest_route=%2Fwp%2Fv2%2Fcomments&post=105"}],"version-history":[{"count":3,"href":"https:\/\/phonedepot.directorio-comercial.com\/index.php?rest_route=\/wp\/v2\/pages\/105\/revisions"}],"predecessor-version":[{"id":280,"href":"https:\/\/phonedepot.directorio-comercial.com\/index.php?rest_route=\/wp\/v2\/pages\/105\/revisions\/280"}],"wp:attachment":[{"href":"https:\/\/phonedepot.directorio-comercial.com\/index.php?rest_route=%2Fwp%2Fv2%2Fmedia&parent=105"}],"curies":[{"name":"wp","href":"https:\/\/api.w.org\/{rel}","templated":true}]}}